{"id":6376,"date":"2021-10-03T17:09:51","date_gmt":"2021-10-03T17:09:51","guid":{"rendered":"https:\/\/aven.ee\/?page_id=6376"},"modified":"2026-02-04T15:40:42","modified_gmt":"2026-02-04T15:40:42","slug":"sertifikaadid","status":"publish","type":"page","link":"https:\/\/aven.ee\/en\/sertifikaadid\/","title":{"rendered":"Certificates"},"content":{"rendered":"<p><!--?xml encoding=\"UTF-8\"--><!--?xml encoding=\"UTF-8\"--><!--?xml encoding=\"UTF-8\"--><\/p>\n<div class=\"brz-root__container brz-reset-all\">\n<section id=\"mcbvbgwowvohcxpczxkfmdedcvmcoaixhodx\" class=\"brz-section brz-css-vFfFC brz-css-t7yRf\">\n<div class=\"brz-slick-slider brz-slick-slider__section\" data-slides-to-show=\"1\" data-slides-to-scroll=\"1\" data-arrows=\"true\" data-dots=\"true\" data-dots-class=\"brz-slick-slider__dots brz-slick-slider__dots--circle\" data-fade=\"false\" data-vertical=\"false\" data-auto-play=\"false\" data-auto-play-speed=\"3000\" data-animation-speed=\"500\" data-swipe=\"true\" data-responsive=\"%5B%7B%22breakpoint%22%3A767%2C%22settings%22%3A%7B%22slidesToShow%22%3A1%2C%22slidesToScroll%22%3A1%7D%7D%5D\">\n<div>\n<div class=\"brz-section__content brz-section--boxed brz-css-o1ZLH brz-css-g8dVv\" data-brz-custom-id=\"apvwbxompyzqwwegiszftsqzvrwkmtzgpsye\">\n<div class=\"brz-bg\">\n<div class=\"brz-bg-color\"><\/div>\n<\/div>\n<div class=\"brz-container brz-css-rOqWS\">\n<div class=\"brz-row__container brz-css-opjPS brz-css-vTUdB\" data-brz-custom-id=\"iisubzkxvqsoounhhmvqhnsrbjwyevbffseo\">\n<div class=\"brz-bg\"><\/div>\n<div class=\"brz-row brz-css-sBFha brz-css-zFX6p\">\n<div class=\"brz-columns brz-css-nNcCb brz-css-r2za8\" data-brz-custom-id=\"rozxnfjfpjldwrlzluvnwevstotctjirxzqb\">\n<div class=\"brz-bg\"><\/div>\n<div class=\"brz-column__items brz-css-yEh5j brz-css-qiXt_\">\n<div id class=\"brz-css-ujhrS brz-css-uQs6s brz-wrapper\">\n<div class=\"brz-rich-text brz-rich-text__custom brz-css-eTtkY\" data-brz-custom-id=\"dpywwtrzctzqgybxmvwjuqwqbobxrgqfuozb\">\n<div data-brz-translate-text=\"1\">\n<p class=\"brz-text-xs-center brz-tp-lg-heading2 brz-css-qyPe3\" data-generated-css=\"brz-css-tdcgz\" data-uniq-id=\"hippx\"><strong class=\"brz-cp-color8\">Certificates<\/strong><\/p>\n<\/div>\n<\/div>\n<\/div>\n<div id class=\"brz-css-ujhrS brz-css-krpov brz-css-bDuh_ brz-wrapper\">\n<div class=\"brz-spacer brz-css-nK6DC brz-css-tVajy\"><\/div>\n<\/div>\n<\/div>\n<\/div>\n<\/div>\n<\/div>\n<\/div>\n<\/div>\n<\/div>\n<\/div>\n<\/section>\n<section id=\"bixbrovmwlzvdowrfszuexfbjjjrzqrgufet\" class=\"brz-section brz-css-vFfFC\">\n<div class=\"brz-section__content brz-section--boxed brz-css-o1ZLH brz-css-nY4Ix\" data-brz-custom-id=\"qvotgjyacjprehtwtcfmxlokbnmjipvgccgk\">\n<div class=\"brz-bg\">\n<div class=\"brz-bg-color\"><\/div>\n<\/div>\n<div class=\"brz-container brz-css-rOqWS brz-css-voFWC\">\n<div id class=\"brz-css-ujhrS brz-wrapper\">\n<div class=\"brz-rich-text brz-rich-text__custom brz-css-eTtkY\" data-brz-custom-id=\"sivuxjjscfdswzdpfbwijrfpfmogyitfnjge\">\n<div data-brz-translate-text=\"1\">\n<p class=\"brz-tp-lg-paragraph brz-css-wgdrN\" data-generated-css=\"brz-css-hqDsz\" data-uniq-id=\"q4ROz\"><span class=\"brz-cp-color7\">K\u00f5ik tooted ja projektid v\u00e4ljastatakse koos n\u00f5uetekohase dokumentatsiooniga, materjalide ja pinnakatete sertifikaatidega, toimivusdeklaratsiooni ja CE m\u00e4rgisega. Tootmine on sertifitseeritud ning vastab EN 1090-2:2018+A1:2024 EXC3 klassile ja EVS-EN 3834-2:2021 standarditele.\u00a0<\/span><\/p>\n<\/div>\n<\/div>\n<\/div>\n<div id class=\"brz-css-ujhrS brz-css-krpov brz-wrapper\">\n<div class=\"brz-spacer brz-css-nK6DC brz-css-faoAt\"><\/div>\n<\/div>\n<div class=\"brz-row__container brz-css-opjPS\" data-brz-custom-id=\"bwjskfsdvouudkbhoaleawgdbqhxkhglaywm\">\n<div class=\"brz-bg\"><\/div>\n<div class=\"brz-row brz-css-sBFha brz-css-zFX6p\">\n<div class=\"brz-columns brz-css-nNcCb brz-css-tEtSb\" data-brz-custom-id=\"c7pjfE3mRZJK\">\n<div class=\"brz-bg\">\n<div class=\"brz-bg-color\"><\/div>\n<\/div>\n<div class=\"brz-column__items brz-css-yEh5j brz-css-u6UUD\">\n<div id class=\"brz-css-ujhrS brz-css-t2gc5 brz-wrapper\">\n<div class=\"brz-image brz-image__lightbox brz-css-kH4ii\" data-brz-custom-id=\"oWSvkb6RSM8y\"><a class=\"brz-a\" href=\"https:\/\/www.aven.ee\/wp-content\/uploads\/2025\/03\/9001-14001-ENG.jpg\" target=\"_self\" rel=\"noopener\" data-brz-link-type=\"lightBox\"><img decoding=\"async\" class=\"brz-img\" src=\"https:\/\/www.aven.ee\/wp-content\/uploads\/brizy\/imgs\/9001-14001-ENG-187x265x0x0x181x265x1742152225.jpg\" alt=\"\" loading=\"lazy\"><\/a><\/div>\n<\/div>\n<div id class=\"brz-css-ujhrS brz-css-j_VPi brz-wrapper\">\n<div class=\"brz-rich-text brz-rich-text__custom brz-css-eTtkY\" data-brz-custom-id=\"dw3KyCHxmxyP\">\n<div data-brz-translate-text=\"1\">\n<p class=\"brz-tp-lg-empty brz-lh-lg-1_5 brz-ls-lg-0 brz-fw-lg-300 brz-fss-lg-px brz-fs-lg-16 brz-ft-google brz-ff-noto_serif brz-css-cGZ8D\" data-uniq-id=\"oa6dQ\" data-generated-css=\"brz-css-pcfRc\"><em class=\"brz-cp-color7\">ISO 9001<\/em><\/p>\n<p class=\"brz-tp-lg-empty brz-lh-lg-1_5 brz-ls-lg-0 brz-fw-lg-300 brz-fss-lg-px brz-fs-lg-16 brz-ft-google brz-ff-noto_serif brz-css-vN2ZR\" data-uniq-id=\"oa6dQ\" data-generated-css=\"brz-css-pcfRc\"><em class=\"brz-cp-color7\">ISO 14001 <\/em><\/p>\n<\/div>\n<\/div>\n<\/div>\n<\/div>\n<\/div>\n<div class=\"brz-columns brz-css-nNcCb brz-css-pIIpq\" data-brz-custom-id=\"epezydvpuvidfmzgodmynliaymhxspwumkrd\">\n<div class=\"brz-bg\">\n<div class=\"brz-bg-color\"><\/div>\n<\/div>\n<div class=\"brz-column__items brz-css-yEh5j brz-css-gyRI8\">\n<div id class=\"brz-css-ujhrS brz-css-r5SAk brz-wrapper\">\n<div class=\"brz-image brz-image__lightbox brz-css-tT7po\" data-brz-custom-id=\"diimvvmlezsspprwskdihiddhqyzlidgnycn\"><a class=\"brz-a\" href=\"https:\/\/www.aven.ee\/wp-content\/uploads\/2025\/12\/Welding-Cert_Aven-OU_2025_page-0001.jpg\" target=\"_self\" rel=\"noopener\" data-brz-link-type=\"lightBox\"><img decoding=\"async\" class=\"brz-img\" src=\"https:\/\/www.aven.ee\/wp-content\/uploads\/brizy\/imgs\/Welding-Cert_Aven-OU_2025_page-0001-187x264x6x0x181x264x1764935404.jpg\" alt=\"\" loading=\"lazy\"><\/a><\/div>\n<\/div>\n<div id class=\"brz-css-ujhrS brz-css-ipjbJ brz-wrapper\">\n<div class=\"brz-rich-text brz-rich-text__custom brz-css-eTtkY\" data-brz-custom-id=\"ozdqtcizwvayxivfyrmxcfxjmmnuagcgfdka\">\n<div data-brz-translate-text=\"1\">\n<p class=\"brz-fs-lg-16 brz-ft-google brz-ff-noto_serif brz-tp-lg-empty brz-lh-lg-1_5 brz-ls-lg-0 brz-fw-lg-300 brz-fss-lg-px brz-css-vkA47\" data-generated-css=\"brz-css-aFMru\" data-uniq-id=\"mzC8L\"><em class=\"brz-cp-color7\">EN 1090-<\/em><\/p>\n<p class=\"brz-fs-lg-16 brz-ft-google brz-ff-noto_serif brz-tp-lg-empty brz-lh-lg-1_5 brz-ls-lg-0 brz-fw-lg-300 brz-fss-lg-px brz-css-jg4f4\" data-generated-css=\"brz-css-aFMru\" data-uniq-id=\"mzC8L\"><em class=\"brz-cp-color7\">2:2018+A1:2024<\/em><\/p>\n<\/div>\n<\/div>\n<\/div>\n<\/div>\n<\/div>\n<div class=\"brz-columns brz-css-nNcCb brz-css-hOrhG\" data-brz-custom-id=\"iqwumjphfxhwvwdsdfjvkgabbublimplsiht\">\n<div class=\"brz-bg\">\n<div class=\"brz-bg-color\"><\/div>\n<\/div>\n<div class=\"brz-column__items brz-css-yEh5j brz-css-wroWA\">\n<div id class=\"brz-css-ujhrS brz-css-nvYyq brz-wrapper\">\n<div class=\"brz-image brz-image__lightbox brz-css-sGi5X\" data-brz-custom-id=\"pdosozazwluhbvgvtrzniroxhqjxnsqcusny\"><a class=\"brz-a\" href=\"https:\/\/www.aven.ee\/wp-content\/uploads\/2025\/12\/EC-Cert_Aven-OU_2025_pages-to-jpg-0001.jpg\" target=\"_self\" rel=\"noopener\" data-brz-link-type=\"lightBox\"><img decoding=\"async\" class=\"brz-img\" src=\"https:\/\/www.aven.ee\/wp-content\/uploads\/brizy\/imgs\/EC-Cert_Aven-OU_2025_pages-to-jpg-0001-187x265x7x0x181x265x1764935398.jpg\" alt=\"\" loading=\"lazy\"><\/a><\/div>\n<\/div>\n<div id class=\"brz-css-ujhrS brz-css-cEpkO brz-wrapper\">\n<div class=\"brz-rich-text brz-rich-text__custom brz-css-eTtkY\" data-brz-custom-id=\"ywwpghedibkmfyhqpxhdthrmwfqurvtsnavv\">\n<div data-brz-translate-text=\"1\">\n<p class=\"brz-ff-noto_serif brz-ft-google brz-fs-lg-16 brz-fss-lg-px brz-fw-lg-300 brz-ls-lg-0 brz-lh-lg-1_5 brz-tp-lg-empty brz-css-idPh5\" data-generated-css=\"brz-css-moEdT\" data-uniq-id=\"sKO8M\"><em class=\"brz-cp-color7\">FPC certificate<\/em><\/p>\n<\/div>\n<\/div>\n<\/div>\n<\/div>\n<\/div>\n<div class=\"brz-columns brz-css-nNcCb brz-css-je1mE\" data-brz-custom-id=\"juhvmoarxamypbchaeprccoujoghbgytsmqc\">\n<div class=\"brz-bg\">\n<div class=\"brz-bg-color\"><\/div>\n<\/div>\n<div class=\"brz-column__items brz-css-yEh5j brz-css-esfYD\">\n<div id class=\"brz-css-ujhrS brz-css-kUs_U brz-wrapper\">\n<div class=\"brz-image brz-image__lightbox brz-css-sAzQy\" data-brz-custom-id=\"iezlvwkqjqofqhqsgkfsgmirfczhuvxvxtua\"><a class=\"brz-a\" href=\"https:\/\/www.aven.ee\/wp-content\/uploads\/2025\/12\/ISO-3834_Aven-OU_2025_page-0001.jpg\" target=\"_self\" rel=\"noopener\" data-brz-link-type=\"lightBox\"><img decoding=\"async\" class=\"brz-img\" src=\"https:\/\/www.aven.ee\/wp-content\/uploads\/brizy\/imgs\/ISO-3834_Aven-OU_2025_page-0001-181x256x0x0x181x256x1764935408.jpg\" alt=\"\" loading=\"lazy\"><\/a><\/div>\n<\/div>\n<div id class=\"brz-css-ujhrS brz-css-p6pRY brz-wrapper\">\n<div class=\"brz-rich-text brz-rich-text__custom brz-css-eTtkY\" data-brz-custom-id=\"vcsrwbtmfqlqogdiilhwdawlarmnahquzcym\">\n<div data-brz-translate-text=\"1\">\n<p class=\"brz-tp-lg-empty brz-lh-lg-1_5 brz-ls-lg-0 brz-fw-lg-300 brz-fss-lg-px brz-fs-lg-16 brz-ft-google brz-ff-noto_serif brz-css-xXMZu\" data-uniq-id=\"v4WkR\" data-generated-css=\"brz-css-m4HVh\"><em class=\"brz-cp-color7\">EVS-EN ISO 3834-2:2021(1)<\/em><\/p>\n<\/div>\n<\/div>\n<\/div>\n<\/div>\n<\/div>\n<div class=\"brz-columns brz-css-nNcCb brz-css-gqvTT\" data-brz-custom-id=\"vhFIki5kb_4n\">\n<div class=\"brz-bg\">\n<div class=\"brz-bg-color\"><\/div>\n<\/div>\n<div class=\"brz-column__items brz-css-yEh5j brz-css-hbeRI\">\n<div id class=\"brz-css-ujhrS brz-css-bvICQ brz-wrapper\">\n<div class=\"brz-image brz-image__lightbox brz-css-emPzh\" data-brz-custom-id=\"mOd2UYgbGLkD\"><a class=\"brz-a\" href=\"https:\/\/www.aven.ee\/wp-content\/uploads\/2025\/12\/ISO-3834_Aven-OU_2025_page-0002.jpg\" target=\"_self\" rel=\"noopener\" data-brz-link-type=\"lightBox\"><img decoding=\"async\" class=\"brz-img\" src=\"https:\/\/www.aven.ee\/wp-content\/uploads\/brizy\/imgs\/ISO-3834_Aven-OU_2025_page-0002-181x256x0x0x181x256x1764935411.jpg\" alt=\"\" loading=\"lazy\"><\/a><\/div>\n<\/div>\n<div id class=\"brz-css-ujhrS brz-css-olkNx brz-wrapper\">\n<div class=\"brz-rich-text brz-rich-text__custom brz-css-eTtkY\" data-brz-custom-id=\"fbvd6J2t5LSt\">\n<div data-brz-translate-text=\"1\">\n<p class=\"brz-tp-lg-empty brz-lh-lg-1_5 brz-ls-lg-0 brz-fw-lg-300 brz-fss-lg-px brz-fs-lg-16 brz-ft-google brz-ff-noto_serif brz-css-qN38s\" data-uniq-id=\"lVzc9\" data-generated-css=\"brz-css-ntzQ_\"><em class=\"brz-cp-color7\">EVS-EN ISO 3834-2:2021(2)<\/em><\/p>\n<\/div>\n<\/div>\n<\/div>\n<\/div>\n<\/div>\n<\/div>\n<\/div>\n<div id class=\"brz-css-ujhrS brz-css-krpov brz-wrapper\">\n<div class=\"brz-spacer brz-css-nK6DC brz-css-yIN7m\"><\/div>\n<\/div>\n<\/div>\n<\/div>\n<\/section>\n<section id=\"lxqmvccyrzhrgdtzgtmazlaipztsrowdxikw\" class=\"brz-section brz-css-vFfFC\">\n<div class=\"brz-section__content brz-section--boxed brz-css-o1ZLH brz-css-v34qf\" data-brz-custom-id=\"ipjdfcwvwwjgvweywzpcjndjayjojjbkhyzc\">\n<div class=\"brz-bg\">\n<div class=\"brz-bg-color\"><\/div>\n<\/div>\n<div class=\"brz-container brz-css-rOqWS\">\n<div id class=\"brz-css-ujhrS brz-wrapper\">\n<div class=\"brz-line brz-line-default brz-css-jWR_t brz-css-juQxS\" data-brz-custom-id=\"vmpwwmpesjamvtmdsamfginuyinntrvdjkxa\">\n<hr class=\"brz-hr\"><\/div>\n<\/div>\n<div id class=\"brz-css-ujhrS brz-css-krpov brz-css-c8yqP brz-wrapper\">\n<div class=\"brz-spacer brz-css-nK6DC brz-css-pm2Kl\"><\/div>\n<\/div>\n<div class=\"brz-row__container brz-css-opjPS\" data-brz-custom-id=\"isvfiwmjzkfmjunjadgsvioinlgygvkqqkod\">\n<div class=\"brz-bg\"><\/div>\n<div class=\"brz-row brz-css-sBFha brz-css-zFX6p\">\n<div class=\"brz-columns brz-css-nNcCb brz-css-xjFrI\" data-brz-custom-id=\"sdplmjfnetrfovddrsviwkjbeyrhznliieev\">\n<div class=\"brz-bg\"><\/div>\n<div class=\"brz-column__items brz-css-yEh5j brz-css-it7NP\">\n<div id class=\"brz-css-ujhrS brz-wrapper\">\n<div class=\"brz-rich-text brz-rich-text__custom brz-css-eTtkY\" data-brz-custom-id=\"ahjsvgowaangxeboibvdrhmmtdazroanlzlq\">\n<div data-brz-translate-text=\"1\">\n<p class=\"brz-text-xs-center brz-tp-lg-paragraph brz-css-y5zsb\" data-generated-css=\"brz-css-vyLDJ\" data-uniq-id=\"wZhFU\"><span class=\"brz-cp-color6\" style=\"opacity: 0.5\">\u00a9 Aven O\u00dc 2025<\/span><\/p>\n<\/div>\n<\/div>\n<\/div>\n<\/div>\n<\/div>\n<div class=\"brz-columns brz-css-nNcCb brz-css-r5jOz\" data-brz-custom-id=\"tajkzifuilqkxftguudpzvlbncmsuhdbavnp\">\n<div class=\"brz-bg\"><\/div>\n<div class=\"brz-column__items brz-css-yEh5j brz-css-wYajW\">\n<div class=\"brz-wrapper-clone brz-css-k9EO2\">\n<div class=\"brz-d-xs-flex brz-flex-xs-wrap brz-css-uSEZp brz-css-mRUjV\" data-brz-custom-id>\n<div class=\"brz-wrapper-clone__item\" id=\"bgrbuiozxoxczhwxiamaigbnujozursqbrkb\">\n<div class=\"brz-icon__container\" data-brz-custom-id=\"bgrbuiozxoxczhwxiamaigbnujozursqbrkb\"><a class=\"brz-a\" href=\"https:\/\/www.youtube.com\/channel\/UCEO2y6TKl3cCS3OETlVI9iA\" target=\"_blank\" rel=\"noopener\" data-brz-link-type=\"external\"><span class=\"brz-icon brz-span brz-css-ut8iQ brz-css-nF12s\"><\/span><\/a><\/div>\n<\/div>\n<\/div>\n<\/div>\n<\/div>\n<\/div>\n<\/div>\n<\/div>\n<\/div>\n<\/div>\n<\/section>\n<\/div>\n<p><!-- version:1770219641 --><\/p>","protected":false},"excerpt":{"rendered":"<p>Sertifikaadid K\u00f5ik tooted ja projektid v\u00e4ljastatakse koos n\u00f5uetekohase dokumentatsiooniga, materjalide ja pinnakatete sertifikaatidega, toimivusdeklaratsiooni ja CE m\u00e4rgisega. Tootmine on sertifitseeritud ning vastab EN 1090-2:2018+A1:2024 EXC3 klassile ja EVS-EN 3834-2:2021 standarditele.\u00a0 ISO 9001 ISO 14001 EN 1090- 2:2018+A1:2024 FPC certificate EVS-EN ISO 3834-2:2021(1) EVS-EN ISO 3834-2:2021(2) \u00a9 Aven O\u00dc 2025<\/p>","protected":false},"author":1,"featured_media":0,"parent":0,"menu_order":0,"comment_status":"closed","ping_status":"closed","template":"brizy-blank-template.php","meta":{"footnotes":""},"class_list":["post-6376","page","type-page","status-publish","hentry","entry"],"yoast_head":"<!-- This site is optimized with the Yoast SEO plugin v27.3 - https:\/\/yoast.com\/product\/yoast-seo-wordpress\/ -->\n<title>Sertifikaadid - Aven<\/title>\n<meta name=\"description\" content=\"Meie ettev\u00f5ttel on k\u00f5ik toodete kvaliteeti ja CE standarditele vastavust t\u00f5endavad sertifikaadid.\" \/>\n<meta name=\"robots\" content=\"index, follow, max-snippet:-1, max-image-preview:large, max-video-preview:-1\" \/>\n<link rel=\"canonical\" href=\"https:\/\/aven.ee\/en\/sertifikaadid\/\" \/>\n<meta property=\"og:locale\" content=\"en_GB\" \/>\n<meta property=\"og:type\" content=\"article\" \/>\n<meta property=\"og:title\" content=\"Sertifikaadid - Aven\" \/>\n<meta property=\"og:description\" content=\"Meie ettev\u00f5ttel on k\u00f5ik toodete kvaliteeti ja CE standarditele vastavust t\u00f5endavad sertifikaadid.\" \/>\n<meta property=\"og:url\" content=\"https:\/\/aven.ee\/en\/sertifikaadid\/\" \/>\n<meta property=\"og:site_name\" content=\"Aven\" \/>\n<meta property=\"article:modified_time\" content=\"2026-02-04T15:40:42+00:00\" \/>\n<meta property=\"og:image\" content=\"https:\/\/www.aven.ee\/wp-content\/uploads\/brizy\/imgs\/9001-14001-ENG-187x265x0x0x181x265x1742152225.jpg\" \/>\n<meta name=\"twitter:card\" content=\"summary_large_image\" \/>\n<meta name=\"twitter:label1\" content=\"Estimated reading time\" \/>\n\t<meta name=\"twitter:data1\" content=\"2 minutes\" \/>\n<script type=\"application\/ld+json\" class=\"yoast-schema-graph\">{\"@context\":\"https:\\\/\\\/schema.org\",\"@graph\":[{\"@type\":\"WebPage\",\"@id\":\"https:\\\/\\\/aven.ee\\\/en\\\/sertifikaadid\\\/\",\"url\":\"https:\\\/\\\/aven.ee\\\/en\\\/sertifikaadid\\\/\",\"name\":\"Sertifikaadid - Aven\",\"isPartOf\":{\"@id\":\"http:\\\/\\\/aven.ee\\\/et\\\/#website\"},\"primaryImageOfPage\":{\"@id\":\"https:\\\/\\\/aven.ee\\\/en\\\/sertifikaadid\\\/#primaryimage\"},\"image\":{\"@id\":\"https:\\\/\\\/aven.ee\\\/en\\\/sertifikaadid\\\/#primaryimage\"},\"thumbnailUrl\":\"https:\\\/\\\/www.aven.ee\\\/wp-content\\\/uploads\\\/brizy\\\/imgs\\\/9001-14001-ENG-187x265x0x0x181x265x1742152225.jpg\",\"datePublished\":\"2021-10-03T17:09:51+00:00\",\"dateModified\":\"2026-02-04T15:40:42+00:00\",\"description\":\"Meie ettev\u00f5ttel on k\u00f5ik toodete kvaliteeti ja CE standarditele vastavust t\u00f5endavad sertifikaadid.\",\"breadcrumb\":{\"@id\":\"https:\\\/\\\/aven.ee\\\/en\\\/sertifikaadid\\\/#breadcrumb\"},\"inLanguage\":\"en-GB\",\"potentialAction\":[{\"@type\":\"ReadAction\",\"target\":[\"https:\\\/\\\/aven.ee\\\/en\\\/sertifikaadid\\\/\"]}]},{\"@type\":\"ImageObject\",\"inLanguage\":\"en-GB\",\"@id\":\"https:\\\/\\\/aven.ee\\\/en\\\/sertifikaadid\\\/#primaryimage\",\"url\":\"https:\\\/\\\/www.aven.ee\\\/wp-content\\\/uploads\\\/brizy\\\/imgs\\\/9001-14001-ENG-187x265x0x0x181x265x1742152225.jpg\",\"contentUrl\":\"https:\\\/\\\/www.aven.ee\\\/wp-content\\\/uploads\\\/brizy\\\/imgs\\\/9001-14001-ENG-187x265x0x0x181x265x1742152225.jpg\"},{\"@type\":\"BreadcrumbList\",\"@id\":\"https:\\\/\\\/aven.ee\\\/en\\\/sertifikaadid\\\/#breadcrumb\",\"itemListElement\":[{\"@type\":\"ListItem\",\"position\":1,\"name\":\"Home\",\"item\":\"http:\\\/\\\/aven.ee\\\/et\\\/\"},{\"@type\":\"ListItem\",\"position\":2,\"name\":\"Sertifikaadid\"}]},{\"@type\":\"WebSite\",\"@id\":\"http:\\\/\\\/aven.ee\\\/et\\\/#website\",\"url\":\"http:\\\/\\\/aven.ee\\\/et\\\/\",\"name\":\"Aven\",\"description\":\"Aven O\u00dc\u2013kandvate teraselementide tootmine\",\"potentialAction\":[{\"@type\":\"SearchAction\",\"target\":{\"@type\":\"EntryPoint\",\"urlTemplate\":\"http:\\\/\\\/aven.ee\\\/et\\\/?s={search_term_string}\"},\"query-input\":{\"@type\":\"PropertyValueSpecification\",\"valueRequired\":true,\"valueName\":\"search_term_string\"}}],\"inLanguage\":\"en-GB\"}]}<\/script>\n<!-- \/ Yoast SEO plugin. -->","yoast_head_json":{"title":"Sertifikaadid - Aven","description":"Meie ettev\u00f5ttel on k\u00f5ik toodete kvaliteeti ja CE standarditele vastavust t\u00f5endavad sertifikaadid.","robots":{"index":"index","follow":"follow","max-snippet":"max-snippet:-1","max-image-preview":"max-image-preview:large","max-video-preview":"max-video-preview:-1"},"canonical":"https:\/\/aven.ee\/en\/sertifikaadid\/","og_locale":"en_GB","og_type":"article","og_title":"Sertifikaadid - Aven","og_description":"Meie ettev\u00f5ttel on k\u00f5ik toodete kvaliteeti ja CE standarditele vastavust t\u00f5endavad sertifikaadid.","og_url":"https:\/\/aven.ee\/en\/sertifikaadid\/","og_site_name":"Aven","article_modified_time":"2026-02-04T15:40:42+00:00","og_image":[{"url":"https:\/\/www.aven.ee\/wp-content\/uploads\/brizy\/imgs\/9001-14001-ENG-187x265x0x0x181x265x1742152225.jpg","type":"","width":"","height":""}],"twitter_card":"summary_large_image","twitter_misc":{"Estimated reading time":"2 minutes"},"schema":{"@context":"https:\/\/schema.org","@graph":[{"@type":"WebPage","@id":"https:\/\/aven.ee\/en\/sertifikaadid\/","url":"https:\/\/aven.ee\/en\/sertifikaadid\/","name":"Sertifikaadid - Aven","isPartOf":{"@id":"http:\/\/aven.ee\/et\/#website"},"primaryImageOfPage":{"@id":"https:\/\/aven.ee\/en\/sertifikaadid\/#primaryimage"},"image":{"@id":"https:\/\/aven.ee\/en\/sertifikaadid\/#primaryimage"},"thumbnailUrl":"https:\/\/www.aven.ee\/wp-content\/uploads\/brizy\/imgs\/9001-14001-ENG-187x265x0x0x181x265x1742152225.jpg","datePublished":"2021-10-03T17:09:51+00:00","dateModified":"2026-02-04T15:40:42+00:00","description":"Meie ettev\u00f5ttel on k\u00f5ik toodete kvaliteeti ja CE standarditele vastavust t\u00f5endavad sertifikaadid.","breadcrumb":{"@id":"https:\/\/aven.ee\/en\/sertifikaadid\/#breadcrumb"},"inLanguage":"en-GB","potentialAction":[{"@type":"ReadAction","target":["https:\/\/aven.ee\/en\/sertifikaadid\/"]}]},{"@type":"ImageObject","inLanguage":"en-GB","@id":"https:\/\/aven.ee\/en\/sertifikaadid\/#primaryimage","url":"https:\/\/www.aven.ee\/wp-content\/uploads\/brizy\/imgs\/9001-14001-ENG-187x265x0x0x181x265x1742152225.jpg","contentUrl":"https:\/\/www.aven.ee\/wp-content\/uploads\/brizy\/imgs\/9001-14001-ENG-187x265x0x0x181x265x1742152225.jpg"},{"@type":"BreadcrumbList","@id":"https:\/\/aven.ee\/en\/sertifikaadid\/#breadcrumb","itemListElement":[{"@type":"ListItem","position":1,"name":"Home","item":"http:\/\/aven.ee\/et\/"},{"@type":"ListItem","position":2,"name":"Sertifikaadid"}]},{"@type":"WebSite","@id":"http:\/\/aven.ee\/et\/#website","url":"http:\/\/aven.ee\/et\/","name":"Aven","description":"Aven O\u00dc\u2013kandvate teraselementide tootmine","potentialAction":[{"@type":"SearchAction","target":{"@type":"EntryPoint","urlTemplate":"http:\/\/aven.ee\/et\/?s={search_term_string}"},"query-input":{"@type":"PropertyValueSpecification","valueRequired":true,"valueName":"search_term_string"}}],"inLanguage":"en-GB"}]}},"_links":{"self":[{"href":"https:\/\/aven.ee\/en\/wp-json\/wp\/v2\/pages\/6376","targetHints":{"allow":["GET"]}}],"collection":[{"href":"https:\/\/aven.ee\/en\/wp-json\/wp\/v2\/pages"}],"about":[{"href":"https:\/\/aven.ee\/en\/wp-json\/wp\/v2\/types\/page"}],"author":[{"embeddable":true,"href":"https:\/\/aven.ee\/en\/wp-json\/wp\/v2\/users\/1"}],"replies":[{"embeddable":true,"href":"https:\/\/aven.ee\/en\/wp-json\/wp\/v2\/comments?post=6376"}],"version-history":[{"count":5,"href":"https:\/\/aven.ee\/en\/wp-json\/wp\/v2\/pages\/6376\/revisions"}],"predecessor-version":[{"id":20023,"href":"https:\/\/aven.ee\/en\/wp-json\/wp\/v2\/pages\/6376\/revisions\/20023"}],"wp:attachment":[{"href":"https:\/\/aven.ee\/en\/wp-json\/wp\/v2\/media?parent=6376"}],"curies":[{"name":"wp","href":"https:\/\/api.w.org\/{rel}","templated":true}]}}