{"id":1073,"date":"2021-06-03T20:19:30","date_gmt":"2021-06-03T20:19:30","guid":{"rendered":"https:\/\/aven.ee\/?page_id=1073"},"modified":"2026-02-04T09:36:48","modified_gmt":"2026-02-04T09:36:48","slug":"ettevottest","status":"publish","type":"page","link":"https:\/\/aven.ee\/et\/ettevottest\/","title":{"rendered":"Ettev\u00f5ttest"},"content":{"rendered":"<p><!--?xml encoding=\"UTF-8\"--><!--?xml encoding=\"UTF-8\"--><!--?xml encoding=\"UTF-8\"--><\/p>\n<div class=\"brz-root__container brz-reset-all\">\n<section id=\"gftbdqqxdaswkwfxdjhcxpixmnlcycztejzr\" class=\"brz-section brz-css-t_bri\">\n<div class=\"brz-section__content brz-section--boxed brz-css-pY6lY brz-css-xCiq0\" data-brz-custom-id=\"czplcdhthwwuexdsigdrvgxckkovcfxlefrk\">\n<div class=\"brz-bg\">\n<div class=\"brz-bg-image\"><\/div>\n<div class=\"brz-bg-color\"><\/div>\n<\/div>\n<div class=\"brz-container brz-css-fkcqQ brz-css-mvCAF\">\n<div class=\"brz-row__container brz-css-trt5M\" data-brz-custom-id=\"tnslestvjfdejcnfqxhablkfmwrmsnvzozxx\">\n<div class=\"brz-bg\"><\/div>\n<div class=\"brz-row brz-css-jiAOc brz-css-clcwj\">\n<div class=\"brz-columns brz-css-oOkoZ\" data-brz-custom-id=\"pdwbselxnyncmknrcnttafwspjyvuisyplli\">\n<div class=\"brz-bg\"><\/div>\n<div class=\"brz-column__items brz-css-crs3L brz-css-mTs5V\">\n<div id class=\"brz-css-cQqjY brz-wrapper\">\n<div class=\"brz-rich-text brz-rich-text__custom brz-css-sNuLb\" data-brz-custom-id=\"eyrsxnroojlixyibcwptsbpiuyclmhcqxtyb\">\n<div data-brz-translate-text=\"1\">\n<h2 class=\"brz-text-xs-center brz-tp-lg-heading2 brz-css-evz78\" data-generated-css=\"brz-css-kmhhe\" data-uniq-id=\"ltatt\"><span>Meie eesm\u00e4rk on leida lahendus mistahes v\u00e4ljakutsele.<\/span><\/h2>\n<\/div>\n<\/div>\n<\/div>\n<div id class=\"brz-css-cQqjY brz-css-ySRHW brz-wrapper\">\n<div class=\"brz-spacer brz-css-lnyJv brz-css-tpah3\"><\/div>\n<\/div>\n<\/div>\n<\/div>\n<div class=\"brz-columns brz-css-oOkoZ\" data-brz-custom-id=\"ofxhiymokqmcxvnkcvulospnddixqouomvdz\">\n<div class=\"brz-column__items brz-css-crs3L brz-css-wB9PM\">\n<div id class=\"brz-css-cQqjY brz-wrapper\">\n<div class=\"brz-rich-text brz-rich-text__custom brz-css-sNuLb\" data-brz-custom-id=\"uopeyxxdqczsarueccygfzraodgcjcwzbmyu\">\n<div data-brz-translate-text=\"1\">\n<p data-generated-css=\"brz-css-weojn\" data-uniq-id=\"ctqlu\" class=\"brz-tp-lg-paragraph brz-bcp-color7 brz-text-lg-justify brz-css-fnjrF\"><span class=\"brz-cp-color7\">Aitame koost\u00f6\u00f6partneritel leida olemasoleva projekti v\u00f5i toote raames asjakohastele standarditele vastavaid parimaid lahendusi.<\/span><\/p>\n<p data-uniq-id=\"pebvk\" data-generated-css=\"brz-css-bjbkq\" class=\"brz-tp-lg-paragraph brz-bcp-color7 brz-text-lg-justify brz-css-nxkQ8\"><span class=\"brz-cp-color7\">Meie ladus ja professionaalne suhtlus kliendiga tagab t\u00f5rgeteta tootmise ja kinnipidamise kokkulepitud tarneajast.<\/span><\/p>\n<\/div>\n<\/div>\n<\/div>\n<div id class=\"brz-css-cQqjY brz-wrapper\">\n<div class=\"brz-rich-text brz-rich-text__custom brz-css-sNuLb\" data-brz-custom-id=\"hxtuzpeytcqxtjuhwwsghnrzdbdwaytkrmzv\">\n<div data-brz-translate-text=\"1\">\n<p class=\"brz-tp-lg-paragraph brz-css-cXQpW\" data-generated-css=\"brz-css-hxmlf\" data-uniq-id=\"uenqk\"><span class=\"brz-cp-color7\">AVEN O\u00dc on Eesti Masinat\u00f6\u00f6stuse Liidu liige.<\/span><\/p>\n<p class=\"brz-tp-lg-paragraph brz-css-rHZEn\" data-generated-css=\"brz-css-ehugy\" data-uniq-id=\"jqrah\"><\/p>\n<p class=\"brz-text-xs-center brz-tp-lg-paragraph brz-css-cIaaD\" data-uniq-id=\"jqoux\" data-generated-css=\"brz-css-qeoyt\"><\/p>\n<\/div>\n<\/div>\n<\/div>\n<div class=\"brz-row__container brz-css-trt5M\" data-brz-custom-id=\"ayoldsmuqmlvamboiwdriktvokrlpjqyubwo\">\n<div class=\"brz-bg\"><\/div>\n<div class=\"brz-row brz-row--inner brz-css-jiAOc\">\n<div class=\"brz-columns brz-css-oOkoZ brz-css-ozxAv\" data-brz-custom-id=\"aesajzesbacxwwzndgufsvroieurdtxrqkku\">\n<div class=\"brz-bg\"><\/div>\n<div class=\"brz-column__items brz-css-crs3L\">\n<div id class=\"brz-css-cQqjY brz-wrapper\">\n<div class=\"brz-image brz-css-uc4MT\" data-brz-custom-id=\"dykzoywzxkhvmgisfcadhldutvqgedbwlyfo\"><a class=\"brz-a\" href=\"https:\/\/www.emliit.ee\" target=\"_blank\" rel=\"noopener\" data-brz-link-type=\"external\"><img decoding=\"async\" class=\"brz-img\" src=\"https:\/\/aven.ee\/?brizy_media=wp-9b3aab4c98c05bacf91a597de174a04a.png&amp;brizy_crop=iW%3D102%26iH%3D71%26oX%3D4%26oY%3D0%26cW%3D95%26cH%3D71\" alt=\"\" loading=\"lazy\"><\/a><\/div>\n<\/div>\n<\/div>\n<\/div>\n<div class=\"brz-columns brz-css-oOkoZ brz-css-g3Fj0\" data-brz-custom-id=\"wjboowzpsaaeouujbyrucrltzzfycfqreyuf\">\n<div class=\"brz-bg\"><\/div>\n<div class=\"brz-column__items brz-css-crs3L\"><\/div>\n<\/div>\n<div class=\"brz-columns brz-css-oOkoZ brz-css-tqd34\" data-brz-custom-id=\"kjpdzclmcupuqiuuqttvwfxorrwjrnlhqctj\">\n<div class=\"brz-bg\"><\/div>\n<div class=\"brz-column__items brz-css-crs3L\"><\/div>\n<\/div>\n<div class=\"brz-columns brz-css-oOkoZ brz-css-sGDoI\" data-brz-custom-id=\"tprjyapsfkwtdstmrjxpwgelmtwkyvsayapv\">\n<div class=\"brz-bg\"><\/div>\n<div class=\"brz-column__items brz-css-crs3L\"><\/div>\n<\/div>\n<\/div>\n<\/div>\n<\/div>\n<\/div>\n<\/div>\n<\/div>\n<\/div>\n<\/div>\n<\/section>\n<section id=\"qjntpaoyfqrgbfiqeqnxpyrcqjpagdomlfwk\" class=\"brz-section brz-css-t_bri\">\n<div class=\"brz-section__content brz-section--boxed brz-css-pY6lY brz-css-ibzIq\" data-brz-custom-id=\"cpcuxdjsbzdyqvloawexrxjtemynglrgbask\">\n<div class=\"brz-bg\">\n<div class=\"brz-bg-color\"><\/div>\n<\/div>\n<div class=\"brz-container brz-css-fkcqQ brz-css-enAXk\">\n<div class=\"brz-row__container brz-css-trt5M\" data-brz-custom-id=\"lemmjsolmpschdcdcrphjscumnfbzvbupgfg\">\n<div class=\"brz-bg\"><\/div>\n<div class=\"brz-row brz-css-jiAOc\">\n<div class=\"brz-columns brz-css-oOkoZ brz-css-jKPjE\" data-brz-custom-id=\"zedwtfylieilbyhfocjjrjvuunddfjueijdu\">\n<div class=\"brz-bg\"><\/div>\n<div class=\"brz-column__items brz-css-crs3L brz-css-q62HJ\">\n<div id class=\"brz-css-cQqjY brz-wrapper\">\n<div class=\"brz-rich-text brz-rich-text__custom brz-css-sNuLb\" data-brz-custom-id=\"ietfzqubbqozmvhbyxovvktwyiqwnfdmqkdp\">\n<div data-brz-translate-text=\"1\">\n<h5 data-generated-css=\"brz-css-qezqr\" data-uniq-id=\"extbg\" class=\"brz-tp-lg-heading3 brz-css-cypoM\"><span class=\"brz-cp-color7\">Tegevusvaldkond<\/span><\/h5>\n<\/div>\n<\/div>\n<\/div>\n<div id class=\"brz-css-cQqjY brz-wrapper\">\n<div class=\"brz-rich-text brz-rich-text__custom brz-css-sNuLb\" data-brz-custom-id=\"ucfimzxfaofccqscvaiucioiodwldlptllbl\">\n<div data-brz-translate-text=\"1\">\n<h5 class=\"brz-tp-lg-paragraph brz-css-cUfoz\" data-generated-css=\"brz-css-bzjdb\" data-uniq-id=\"kkdce\"><span class=\"brz-cp-color7\">AVEN O\u00dc p\u00f5hiline tegevusvaldkond on kandvate teraselementide tootmine. Teostame tellimust\u00f6id alates disainimisest kuni paigalduseni v\u00e4lja. Sinna hulka kuulub lahenduste v\u00e4lja m\u00f5tlemine, projekteerimine, t\u00f6\u00f6jooniste tegemine, projekti juhtimine, tootmine, komplekteerimine, pinnaviimistlus ja transport tootmis\u00fcksusest objektini.<\/span><\/h5>\n<h5 class=\"brz-tp-lg-paragraph brz-css-iFdEz\" data-uniq-id=\"eeafo\" data-generated-css=\"brz-css-rydtn\"><span class=\"brz-cp-color7\">Oleme v\u00f5imelised tootma erinevaid ISO 1090-2:2018 ja EN 1090-3:2019 standarditele ning EXC3 ja 3834-2 teostusklassile vastavaid teraskonstruktsioone. <\/span><\/h5>\n<\/div>\n<\/div>\n<\/div>\n<div id class=\"brz-css-cQqjY brz-wrapper\">\n<div class=\"brz-rich-text brz-rich-text__custom brz-css-sNuLb\" data-brz-custom-id=\"jnmolncjxvtsfifdrfvebxqybvzspkqyccsq\">\n<div data-brz-translate-text=\"1\">\n<p class=\"brz-tp-lg-paragraph brz-css-awX4A\" data-generated-css=\"brz-css-dbngp\" data-uniq-id=\"offwl\"><span class=\"brz-cp-color7\">Meie tootmis\u00fcksuse pindala on 2 800 m2, kasutuses on 4 telfrit (5T + 3x 15T). Kuna need asuvad jadas, siis korraga saab t\u00f5sta ca 50 tonni.<\/span><\/p>\n<h5 class=\"brz-tp-lg-paragraph brz-css-jjg1R\" data-uniq-id=\"hxqlr\" data-generated-css=\"brz-css-rqxqv\"><span class=\"brz-cp-color7\">Meie valmistoodangu maksimaalsed gabariidid on 4,6 x 4,9\u00a0x 25 m, minimaalsed\u00a0\u00a00,3 x 0,5 x 0,5 m. <\/span><\/h5>\n<\/div>\n<\/div>\n<\/div>\n<div id class=\"brz-css-cQqjY brz-wrapper\">\n<div class=\"brz-rich-text brz-rich-text__custom brz-css-sNuLb\" data-brz-custom-id=\"gqdaeqdmsogpfaebhewankklluxibbfndlia\">\n<div data-brz-translate-text=\"1\">\n<h3 class=\"brz-tp-lg-heading3 brz-css-wRZYJ\" data-uniq-id=\"evlml\" data-generated-css=\"brz-css-pkvlx\"><span class=\"brz-cp-color7\">Meist<\/span><\/h3>\n<\/div>\n<\/div>\n<\/div>\n<div id class=\"brz-css-cQqjY brz-wrapper\">\n<div class=\"brz-rich-text brz-rich-text__custom brz-css-sNuLb\" data-brz-custom-id=\"fcqclnjnjzxnkaxfzlashfahxoadlajrvysn\">\n<div data-brz-translate-text=\"1\">\n<p class=\"brz-tp-lg-paragraph brz-css-qmSIp\" data-generated-css=\"brz-css-quluo\" data-uniq-id=\"mdhyo\"><span class=\"brz-cp-color7\">AVEN O\u00dc on loodud juba 2007 aastal. Oleme pidevas arengus ja asetame palju r\u00f5hku oma protsesside ja teenuste t\u00e4iustamisele ning parendamisele, et pakkuda oma klientidele igas m\u00f5ttes parimat kvaliteeti. <\/span><\/p>\n<\/div>\n<\/div>\n<\/div>\n<div id class=\"brz-css-cQqjY brz-wrapper\">\n<div class=\"brz-rich-text brz-rich-text__custom brz-css-sNuLb\" data-brz-custom-id=\"orhknoigpyiotgotkarpkkvkssmxkrpyfbip\">\n<div data-brz-translate-text=\"1\">\n<p class=\"brz-tp-lg-paragraph brz-css-zs0xo\" data-uniq-id=\"cnqrl\" data-generated-css=\"brz-css-daikf\"><span>AVEN O\u00dc meeskond koosseisus tegevjuht, m\u00fc\u00fcgijuht, keevituskoordinaator IWE, projektijuhid, tootmisjuht ja eelarvestaja tagavad toote ja tootmise j\u00e4rjepidevuse ning kokkulepitud tarneajast kinnipidamise. Meie suhtlus koost\u00f6\u00f6partneritega on konkreetne ja professionaalne. Oleme valmis v\u00e4lja m\u00f5tlema t\u00e4iesti uusi tooteid ja lahendusi. <\/span><\/p>\n<\/div>\n<\/div>\n<\/div>\n<div id class=\"brz-css-cQqjY brz-wrapper\">\n<div class=\"brz-rich-text brz-rich-text__custom brz-css-sNuLb\" data-brz-custom-id=\"nymixmcpajrrjvvurhvrvnffomuhlttambxk\">\n<div data-brz-translate-text=\"1\">\n<h3 class=\"brz-tp-lg-heading3 brz-css-yqZvx\" data-generated-css=\"brz-css-vjcaq\" data-uniq-id=\"tuond\"><span class=\"brz-cp-color7\">Sertifikaadid<\/span><\/h3>\n<\/div>\n<\/div>\n<\/div>\n<div id class=\"brz-css-cQqjY brz-wrapper\">\n<div class=\"brz-rich-text brz-rich-text__custom brz-css-sNuLb\" data-brz-custom-id=\"bigkpnnmofscwrdbemwzgdftenplkekkqait\">\n<div data-brz-translate-text=\"1\">\n<p class=\"brz-tp-lg-paragraph brz-css-cYVEE\" data-uniq-id=\"pekod\" data-generated-css=\"brz-css-pwhat\"><span>Meie ettev\u00f5ttel on k\u00f5ik toodete kvaliteeti ja CE standarditele vastavust t\u00f5endavad sertifikaadid. Pakume k\u00f5igile oma toodetele kvaliteetse, v\u00f5imalikult soodsa ja ratsionaalse, headele tootmistavadele vastava lahenduse. K\u00f5ik tootmisprotsessid dokumenteeritakse, millega tagatakse protsessi j\u00e4lgitavus. Hoiame klienti kursis k\u00f5igi tootmisahela etappidega ja vajadusel konsulteerime olulistes k\u00fcsimustes. K\u00f5ik tooted ja projektid v\u00e4ljastatakse koos n\u00f5uetekohase dokumentatsiooniga, materjalide ja pinnakatete sertifikaatidega, toimivusdeklaratsiooni ja CE m\u00e4rgisega. <\/span><\/p>\n<\/div>\n<\/div>\n<\/div>\n<div id class=\"brz-css-cQqjY brz-wrapper\">\n<div class=\"brz-rich-text brz-rich-text__custom brz-css-sNuLb\" data-brz-custom-id=\"nfnbigdzlcobnotmkxcqdupvwwxtebzfuaqj\">\n<div data-brz-translate-text=\"1\">\n<p class=\"brz-tp-lg-paragraph brz-css-tyjCY\" data-generated-css=\"brz-css-qxskn\" data-uniq-id=\"jkvkz\"><span class=\"brz-cp-color7\">Tootmine on sertifitseeritud ning vastab EN 1090-2:2018, EN 1090-3:2019 ning EXC3 ja 3834-2 <\/span><span>standarditele.<\/span><span class=\"brz-cp-color7\">\u00a0<\/span><\/p>\n<\/div>\n<\/div>\n<\/div>\n<div class=\"brz-row__container brz-css-trt5M\" data-brz-custom-id=\"xiyvjlwkiyodvsrsdfdqqqwhylzajxzehchi\">\n<div class=\"brz-bg\"><\/div>\n<div class=\"brz-row brz-row--inner brz-css-jiAOc\">\n<div class=\"brz-columns brz-css-oOkoZ brz-css-cJ8uv\" data-brz-custom-id=\"tdaebuxwobpodceuieynpxihajwcwnsuzflv\">\n<div class=\"brz-bg\"><\/div>\n<div class=\"brz-column__items brz-css-crs3L\">\n<div id class=\"brz-css-cQqjY brz-wrapper\">\n<div class=\"brz-image brz-image__lightbox brz-css-vt69k\" data-brz-custom-id=\"eerlvzbvvdukmukisnyepdvumwazhrnbizwp\"><a class=\"brz-a\" href=\"https:\/\/aven.ee\/?brizy_media=wp-666c104276fb8a7db2ad6299b61f5b42.jpg&amp;brizy_crop=iW%3D5000%26iH%3Dany\" target=\"_self\" rel=\"noopener\" data-brz-link-type=\"lightBox\"><img decoding=\"async\" class=\"brz-img\" src=\"https:\/\/aven.ee\/?brizy_media=wp-666c104276fb8a7db2ad6299b61f5b42.jpg&amp;brizy_crop=iW%3D217%26iH%3D307%26oX%3D1%26oY%3D0%26cW%3D216%26cH%3D307\" alt=\"\" loading=\"lazy\"><\/a><\/div>\n<\/div>\n<\/div>\n<\/div>\n<div class=\"brz-columns brz-css-oOkoZ brz-css-vvEIr\" data-brz-custom-id=\"qhdaokpmsvhmyfnvgaxgyzvzmjsoyfxkapre\">\n<div class=\"brz-bg\"><\/div>\n<div class=\"brz-column__items brz-css-crs3L\">\n<div id class=\"brz-css-cQqjY brz-wrapper\">\n<div class=\"brz-image brz-image__lightbox brz-css-x1_Ix\" data-brz-custom-id=\"kkhdslcnilbrtaarqirsuhkrxhapoifjpvdb\"><a class=\"brz-a\" href=\"https:\/\/aven.ee\/?brizy_media=wp-31686e4c73dd16be5ea8147049e3a9c1.jpg&amp;brizy_crop=iW%3D5000%26iH%3Dany\" target=\"_self\" rel=\"noopener\" data-brz-link-type=\"lightBox\"><img decoding=\"async\" class=\"brz-img\" src=\"https:\/\/aven.ee\/?brizy_media=wp-31686e4c73dd16be5ea8147049e3a9c1.jpg&amp;brizy_crop=iW%3D219%26iH%3D310%26oX%3D2%26oY%3D0%26cW%3D216%26cH%3D310\" alt=\"\" loading=\"lazy\"><\/a><\/div>\n<\/div>\n<\/div>\n<\/div>\n<div class=\"brz-columns brz-css-oOkoZ brz-css-c4VIy\" data-brz-custom-id=\"vzhsdhkvkhsahayxqezygttptrhbswetdomr\">\n<div class=\"brz-bg\"><\/div>\n<div class=\"brz-column__items brz-css-crs3L\">\n<div id class=\"brz-css-cQqjY brz-wrapper\">\n<div class=\"brz-image brz-image__lightbox brz-css-rLIxn\" data-brz-custom-id=\"djggfgwsuigfjslkqnyjvuambxymfndxyhma\"><a class=\"brz-a\" href=\"https:\/\/aven.ee\/?brizy_media=wp-226ab33a01cd979ba5bc33fa87bf3e86.jpg&amp;brizy_crop=iW%3D5000%26iH%3Dany\" target=\"_self\" rel=\"noopener\" data-brz-link-type=\"lightBox\"><img decoding=\"async\" class=\"brz-img\" src=\"https:\/\/aven.ee\/?brizy_media=wp-226ab33a01cd979ba5bc33fa87bf3e86.jpg&amp;brizy_crop=iW%3D219%26iH%3D310%26oX%3D2%26oY%3D0%26cW%3D216%26cH%3D310\" alt=\"\" loading=\"lazy\"><\/a><\/div>\n<\/div>\n<\/div>\n<\/div>\n<div class=\"brz-columns brz-css-oOkoZ brz-css-nWC5h\" data-brz-custom-id=\"xictdpthiezgkcpqfgsrptidwnhqkpgoqdez\">\n<div class=\"brz-bg\"><\/div>\n<div class=\"brz-column__items brz-css-crs3L\">\n<div id class=\"brz-css-cQqjY brz-wrapper\">\n<div class=\"brz-image brz-image__lightbox brz-css-dqkzS\" data-brz-custom-id=\"ltjykilcsoqflecpaazstdooddejxweoqsnv\"><a class=\"brz-a\" href=\"https:\/\/aven.ee\/?brizy_media=wp-8b155db18268af9a234228fecb1eec04.jpg&amp;brizy_crop=iW%3D5000%26iH%3Dany\" target=\"_self\" rel=\"noopener\" data-brz-link-type=\"lightBox\"><img decoding=\"async\" class=\"brz-img\" src=\"https:\/\/aven.ee\/?brizy_media=wp-8b155db18268af9a234228fecb1eec04.jpg&amp;brizy_crop=iW%3D219%26iH%3D309%26oX%3D2%26oY%3D0%26cW%3D216%26cH%3D309\" alt=\"\" loading=\"lazy\"><\/a><\/div>\n<\/div>\n<\/div>\n<\/div>\n<\/div>\n<\/div>\n<\/div>\n<\/div>\n<\/div>\n<\/div>\n<\/div>\n<\/div>\n<\/section>\n<section id=\"lxqmvccyrzhrgdtzgtmazlaipztsrowdxikw\" class=\"brz-section brz-css-t_bri\">\n<div class=\"brz-section__content brz-section--boxed brz-css-pY6lY brz-css-hxuNT\" data-brz-custom-id=\"ipjdfcwvwwjgvweywzpcjndjayjojjbkhyzc\">\n<div class=\"brz-bg\">\n<div class=\"brz-bg-color\"><\/div>\n<\/div>\n<div class=\"brz-container brz-css-fkcqQ\">\n<div id class=\"brz-css-cQqjY brz-wrapper\">\n<div class=\"brz-line brz-line-default brz-css-iM6fk brz-css-x2MHQ\" data-brz-custom-id=\"vmpwwmpesjamvtmdsamfginuyinntrvdjkxa\">\n<hr class=\"brz-hr\"><\/div>\n<\/div>\n<div id class=\"brz-css-cQqjY brz-css-ySRHW brz-css-qKlZF brz-wrapper\">\n<div class=\"brz-spacer brz-css-lnyJv brz-css-hfgLQ\"><\/div>\n<\/div>\n<div class=\"brz-row__container brz-css-trt5M\" data-brz-custom-id=\"isvfiwmjzkfmjunjadgsvioinlgygvkqqkod\">\n<div class=\"brz-bg\"><\/div>\n<div class=\"brz-row brz-css-jiAOc brz-css-clcwj\">\n<div class=\"brz-columns brz-css-oOkoZ brz-css-tkbGd\" data-brz-custom-id=\"sdplmjfnetrfovddrsviwkjbeyrhznliieev\">\n<div class=\"brz-bg\"><\/div>\n<div class=\"brz-column__items brz-css-crs3L brz-css-b3Pnk\">\n<div id class=\"brz-css-cQqjY brz-wrapper\">\n<div class=\"brz-rich-text brz-rich-text__custom brz-css-sNuLb\" data-brz-custom-id=\"ahjsvgowaangxeboibvdrhmmtdazroanlzlq\">\n<div data-brz-translate-text=\"1\">\n<p class=\"brz-text-xs-center brz-tp-lg-paragraph brz-css-v9SBx\" data-generated-css=\"brz-css-vyLDJ\" data-uniq-id=\"wZhFU\"><span class=\"brz-cp-color6\" style=\"opacity: 0.5\">\u00a9 Aven O\u00dc 2025<\/span><\/p>\n<\/div>\n<\/div>\n<\/div>\n<\/div>\n<\/div>\n<div class=\"brz-columns brz-css-oOkoZ brz-css-qVNvQ\" data-brz-custom-id=\"tajkzifuilqkxftguudpzvlbncmsuhdbavnp\">\n<div class=\"brz-bg\"><\/div>\n<div class=\"brz-column__items brz-css-crs3L brz-css-arnhT\">\n<div class=\"brz-wrapper-clone brz-css-q7bh_\">\n<div class=\"brz-d-xs-flex brz-flex-xs-wrap brz-css-aL4UJ brz-css-iSeTG\" data-brz-custom-id>\n<div class=\"brz-wrapper-clone__item\" id=\"bgrbuiozxoxczhwxiamaigbnujozursqbrkb\">\n<div class=\"brz-icon__container\" data-brz-custom-id=\"bgrbuiozxoxczhwxiamaigbnujozursqbrkb\"><a class=\"brz-a\" href=\"https:\/\/www.youtube.com\/channel\/UCEO2y6TKl3cCS3OETlVI9iA\" target=\"_blank\" rel=\"noopener\" data-brz-link-type=\"external\"><span class=\"brz-icon brz-span brz-css-zkTGc brz-css-m3p0L\"><\/span><\/a><\/div>\n<\/div>\n<\/div>\n<\/div>\n<\/div>\n<\/div>\n<\/div>\n<\/div>\n<\/div>\n<\/div>\n<\/section>\n<\/div>\n<p><!-- version:1770197808 --><\/p>\n","protected":false},"excerpt":{"rendered":"<p>Meie eesm\u00e4rk on leida lahendus mistahes v\u00e4ljakutsele. Aitame koost\u00f6\u00f6partneritel leida olemasoleva projekti v\u00f5i toote raames asjakohastele standarditele vastavaid parimaid lahendusi. Meie ladus ja professionaalne suhtlus kliendiga tagab t\u00f5rgeteta tootmise ja kinnipidamise kokkulepitud tarneajast. AVEN O\u00dc on Eesti Masinat\u00f6\u00f6stuse Liidu liige. Tegevusvaldkond AVEN O\u00dc p\u00f5hiline tegevusvaldkond on kandvate teraselementide tootmine. Teostame tellimust\u00f6id alates disainimisest kuni paigalduseni&hellip; <a class=\"more-link\" href=\"https:\/\/aven.ee\/et\/ettevottest\/\">Continue reading <span class=\"screen-reader-text\">Ettev\u00f5ttest<\/span><\/a><\/p>\n","protected":false},"author":1,"featured_media":0,"parent":0,"menu_order":0,"comment_status":"closed","ping_status":"closed","template":"brizy-blank-template.php","meta":{"footnotes":""},"class_list":["post-1073","page","type-page","status-publish","hentry","entry"],"yoast_head":"<!-- This site is optimized with the Yoast SEO plugin v27.4 - https:\/\/yoast.com\/product\/yoast-seo-wordpress\/ -->\n<title>Ettev\u00f5ttest - Aven<\/title>\n<meta name=\"description\" content=\"Aven O\u00dc tootmine on sertifitseeritud ning vastab EN 1090-2:2018, EN 1090-3:2019 ning EXC3 ja 3834-2 standarditele.\" \/>\n<meta name=\"robots\" content=\"index, follow, max-snippet:-1, max-image-preview:large, max-video-preview:-1\" \/>\n<link rel=\"canonical\" href=\"https:\/\/aven.ee\/et\/ettevottest\/\" \/>\n<meta property=\"og:locale\" content=\"et_EE\" \/>\n<meta property=\"og:type\" content=\"article\" \/>\n<meta property=\"og:title\" content=\"Ettev\u00f5ttest - Aven\" \/>\n<meta property=\"og:description\" content=\"Aven O\u00dc tootmine on sertifitseeritud ning vastab EN 1090-2:2018, EN 1090-3:2019 ning EXC3 ja 3834-2 standarditele.\" \/>\n<meta property=\"og:url\" content=\"https:\/\/aven.ee\/et\/ettevottest\/\" \/>\n<meta property=\"og:site_name\" content=\"Aven\" \/>\n<meta property=\"article:modified_time\" content=\"2026-02-04T09:36:48+00:00\" \/>\n<meta property=\"og:image\" content=\"https:\/\/aven.ee\/?brizy_media=wp-9b3aab4c98c05bacf91a597de174a04a.png&amp;brizy_crop=iW%3D102%26iH%3D71%26oX%3D4%26oY%3D0%26cW%3D95%26cH%3D71\" \/>\n<meta name=\"twitter:card\" content=\"summary_large_image\" \/>\n<meta name=\"twitter:label1\" content=\"Est. reading time\" \/>\n\t<meta name=\"twitter:data1\" content=\"2 minutit\" \/>\n<script type=\"application\/ld+json\" class=\"yoast-schema-graph\">{\"@context\":\"https:\\\/\\\/schema.org\",\"@graph\":[{\"@type\":\"WebPage\",\"@id\":\"https:\\\/\\\/aven.ee\\\/et\\\/ettevottest\\\/\",\"url\":\"https:\\\/\\\/aven.ee\\\/et\\\/ettevottest\\\/\",\"name\":\"Ettev\u00f5ttest - Aven\",\"isPartOf\":{\"@id\":\"http:\\\/\\\/aven.ee\\\/et\\\/#website\"},\"primaryImageOfPage\":{\"@id\":\"https:\\\/\\\/aven.ee\\\/et\\\/ettevottest\\\/#primaryimage\"},\"image\":{\"@id\":\"https:\\\/\\\/aven.ee\\\/et\\\/ettevottest\\\/#primaryimage\"},\"thumbnailUrl\":\"https:\\\/\\\/aven.ee\\\/?brizy_media=wp-9b3aab4c98c05bacf91a597de174a04a.png&amp;brizy_crop=iW%3D102%26iH%3D71%26oX%3D4%26oY%3D0%26cW%3D95%26cH%3D71\",\"datePublished\":\"2021-06-03T20:19:30+00:00\",\"dateModified\":\"2026-02-04T09:36:48+00:00\",\"description\":\"Aven O\u00dc tootmine on sertifitseeritud ning vastab EN 1090-2:2018, EN 1090-3:2019 ning EXC3 ja 3834-2 standarditele.\",\"breadcrumb\":{\"@id\":\"https:\\\/\\\/aven.ee\\\/et\\\/ettevottest\\\/#breadcrumb\"},\"inLanguage\":\"et\",\"potentialAction\":[{\"@type\":\"ReadAction\",\"target\":[\"https:\\\/\\\/aven.ee\\\/et\\\/ettevottest\\\/\"]}]},{\"@type\":\"ImageObject\",\"inLanguage\":\"et\",\"@id\":\"https:\\\/\\\/aven.ee\\\/et\\\/ettevottest\\\/#primaryimage\",\"url\":\"https:\\\/\\\/aven.ee\\\/?brizy_media=wp-9b3aab4c98c05bacf91a597de174a04a.png&amp;brizy_crop=iW%3D102%26iH%3D71%26oX%3D4%26oY%3D0%26cW%3D95%26cH%3D71\",\"contentUrl\":\"https:\\\/\\\/aven.ee\\\/?brizy_media=wp-9b3aab4c98c05bacf91a597de174a04a.png&amp;brizy_crop=iW%3D102%26iH%3D71%26oX%3D4%26oY%3D0%26cW%3D95%26cH%3D71\"},{\"@type\":\"BreadcrumbList\",\"@id\":\"https:\\\/\\\/aven.ee\\\/et\\\/ettevottest\\\/#breadcrumb\",\"itemListElement\":[{\"@type\":\"ListItem\",\"position\":1,\"name\":\"Home\",\"item\":\"https:\\\/\\\/aven.ee\\\/et\\\/\"},{\"@type\":\"ListItem\",\"position\":2,\"name\":\"Ettev\u00f5ttest\"}]},{\"@type\":\"WebSite\",\"@id\":\"http:\\\/\\\/aven.ee\\\/et\\\/#website\",\"url\":\"http:\\\/\\\/aven.ee\\\/et\\\/\",\"name\":\"Aven\",\"description\":\"Aven O\u00dc\u2013kandvate teraselementide tootmine\",\"potentialAction\":[{\"@type\":\"SearchAction\",\"target\":{\"@type\":\"EntryPoint\",\"urlTemplate\":\"http:\\\/\\\/aven.ee\\\/et\\\/?s={search_term_string}\"},\"query-input\":{\"@type\":\"PropertyValueSpecification\",\"valueRequired\":true,\"valueName\":\"search_term_string\"}}],\"inLanguage\":\"et\"}]}<\/script>\n<!-- \/ Yoast SEO plugin. -->","yoast_head_json":{"title":"Ettev\u00f5ttest - Aven","description":"Aven O\u00dc tootmine on sertifitseeritud ning vastab EN 1090-2:2018, EN 1090-3:2019 ning EXC3 ja 3834-2 standarditele.","robots":{"index":"index","follow":"follow","max-snippet":"max-snippet:-1","max-image-preview":"max-image-preview:large","max-video-preview":"max-video-preview:-1"},"canonical":"https:\/\/aven.ee\/et\/ettevottest\/","og_locale":"et_EE","og_type":"article","og_title":"Ettev\u00f5ttest - Aven","og_description":"Aven O\u00dc tootmine on sertifitseeritud ning vastab EN 1090-2:2018, EN 1090-3:2019 ning EXC3 ja 3834-2 standarditele.","og_url":"https:\/\/aven.ee\/et\/ettevottest\/","og_site_name":"Aven","article_modified_time":"2026-02-04T09:36:48+00:00","og_image":[{"url":"https:\/\/aven.ee\/?brizy_media=wp-9b3aab4c98c05bacf91a597de174a04a.png&amp;brizy_crop=iW%3D102%26iH%3D71%26oX%3D4%26oY%3D0%26cW%3D95%26cH%3D71","type":"","width":"","height":""}],"twitter_card":"summary_large_image","twitter_misc":{"Est. reading time":"2 minutit"},"schema":{"@context":"https:\/\/schema.org","@graph":[{"@type":"WebPage","@id":"https:\/\/aven.ee\/et\/ettevottest\/","url":"https:\/\/aven.ee\/et\/ettevottest\/","name":"Ettev\u00f5ttest - Aven","isPartOf":{"@id":"http:\/\/aven.ee\/et\/#website"},"primaryImageOfPage":{"@id":"https:\/\/aven.ee\/et\/ettevottest\/#primaryimage"},"image":{"@id":"https:\/\/aven.ee\/et\/ettevottest\/#primaryimage"},"thumbnailUrl":"https:\/\/aven.ee\/?brizy_media=wp-9b3aab4c98c05bacf91a597de174a04a.png&amp;brizy_crop=iW%3D102%26iH%3D71%26oX%3D4%26oY%3D0%26cW%3D95%26cH%3D71","datePublished":"2021-06-03T20:19:30+00:00","dateModified":"2026-02-04T09:36:48+00:00","description":"Aven O\u00dc tootmine on sertifitseeritud ning vastab EN 1090-2:2018, EN 1090-3:2019 ning EXC3 ja 3834-2 standarditele.","breadcrumb":{"@id":"https:\/\/aven.ee\/et\/ettevottest\/#breadcrumb"},"inLanguage":"et","potentialAction":[{"@type":"ReadAction","target":["https:\/\/aven.ee\/et\/ettevottest\/"]}]},{"@type":"ImageObject","inLanguage":"et","@id":"https:\/\/aven.ee\/et\/ettevottest\/#primaryimage","url":"https:\/\/aven.ee\/?brizy_media=wp-9b3aab4c98c05bacf91a597de174a04a.png&amp;brizy_crop=iW%3D102%26iH%3D71%26oX%3D4%26oY%3D0%26cW%3D95%26cH%3D71","contentUrl":"https:\/\/aven.ee\/?brizy_media=wp-9b3aab4c98c05bacf91a597de174a04a.png&amp;brizy_crop=iW%3D102%26iH%3D71%26oX%3D4%26oY%3D0%26cW%3D95%26cH%3D71"},{"@type":"BreadcrumbList","@id":"https:\/\/aven.ee\/et\/ettevottest\/#breadcrumb","itemListElement":[{"@type":"ListItem","position":1,"name":"Home","item":"https:\/\/aven.ee\/et\/"},{"@type":"ListItem","position":2,"name":"Ettev\u00f5ttest"}]},{"@type":"WebSite","@id":"http:\/\/aven.ee\/et\/#website","url":"http:\/\/aven.ee\/et\/","name":"Aven","description":"Aven O\u00dc\u2013kandvate teraselementide tootmine","potentialAction":[{"@type":"SearchAction","target":{"@type":"EntryPoint","urlTemplate":"http:\/\/aven.ee\/et\/?s={search_term_string}"},"query-input":{"@type":"PropertyValueSpecification","valueRequired":true,"valueName":"search_term_string"}}],"inLanguage":"et"}]}},"_links":{"self":[{"href":"https:\/\/aven.ee\/et\/wp-json\/wp\/v2\/pages\/1073","targetHints":{"allow":["GET"]}}],"collection":[{"href":"https:\/\/aven.ee\/et\/wp-json\/wp\/v2\/pages"}],"about":[{"href":"https:\/\/aven.ee\/et\/wp-json\/wp\/v2\/types\/page"}],"author":[{"embeddable":true,"href":"https:\/\/aven.ee\/et\/wp-json\/wp\/v2\/users\/1"}],"replies":[{"embeddable":true,"href":"https:\/\/aven.ee\/et\/wp-json\/wp\/v2\/comments?post=1073"}],"version-history":[{"count":5,"href":"https:\/\/aven.ee\/et\/wp-json\/wp\/v2\/pages\/1073\/revisions"}],"predecessor-version":[{"id":18776,"href":"https:\/\/aven.ee\/et\/wp-json\/wp\/v2\/pages\/1073\/revisions\/18776"}],"wp:attachment":[{"href":"https:\/\/aven.ee\/et\/wp-json\/wp\/v2\/media?parent=1073"}],"curies":[{"name":"wp","href":"https:\/\/api.w.org\/{rel}","templated":true}]}}